{"id":512,"date":"2026-01-18T05:27:15","date_gmt":"2026-01-18T05:27:15","guid":{"rendered":"https:\/\/hueritage.axia.vn\/?page_id=512"},"modified":"2026-03-19T17:43:28","modified_gmt":"2026-03-19T10:43:28","slug":"dat-cho","status":"publish","type":"page","link":"https:\/\/hueritage.vn\/vi\/dat-cho\/","title":{"rendered":"\u0110\u1eb7t Ch\u1ed7"},"content":{"rendered":"\t\t<div data-elementor-type=\"wp-page\" data-elementor-id=\"512\" class=\"elementor elementor-512\" data-elementor-post-type=\"page\">\n\t\t\t\t<div class=\"elementor-element elementor-element-3fa51d6c e-flex e-con-boxed e-con e-parent\" data-id=\"3fa51d6c\" data-element_type=\"container\">\n\t\t\t\t\t<div class=\"e-con-inner\">\n\t\t<div class=\"elementor-element elementor-element-6e658d28 e-con-full e-flex e-con e-child\" data-id=\"6e658d28\" data-element_type=\"container\">\n\t\t<div class=\"elementor-element elementor-element-d7e814b e-con-full e-flex e-con e-child\" data-id=\"d7e814b\" data-element_type=\"container\">\n\t\t<div class=\"elementor-element elementor-element-1f1ca1a e-con-full e-flex e-con e-child\" data-id=\"1f1ca1a\" data-element_type=\"container\">\n\t\t\t\t<div class=\"elementor-element elementor-element-dd64f63 elementor-widget elementor-widget-heading\" data-id=\"dd64f63\" data-element_type=\"widget\" data-widget_type=\"heading.default\">\n\t\t\t\t\t<h2 class=\"elementor-heading-title elementor-size-default\">\u0110\u1eb7t Ch\u1ed7 Tr\u1ef1c Tuy\u1ebfn<\/h2>\t\t\t\t<\/div>\n\t\t\t\t<\/div>\n\t\t<div class=\"elementor-element elementor-element-38a1ddf e-con-full e-flex e-con e-child\" data-id=\"38a1ddf\" data-element_type=\"container\">\n\t\t\t\t<div class=\"elementor-element elementor-element-e03976f elementor-widget elementor-widget-text-editor\" data-id=\"e03976f\" data-element_type=\"widget\" data-widget_type=\"text-editor.default\">\n\t\t\t\t\t\t\t\t\t<p>\u0110\u1ec3 Hueritage c\u00f3 th\u1ec3 chu\u1ea9n b\u1ecb tr\u1ea3i nghi\u1ec7m tr\u1ecdn v\u1eb9n nh\u1ea5t, qu\u00fd kh\u00e1ch vui l\u00f2ng \u0111\u1eb7t ch\u1ed7 tr\u01b0\u1edbc \u00edt nh\u1ea5t 2 ng\u00e0y.<\/p>\t\t\t\t\t\t\t\t<\/div>\n\t\t\t\t<div class=\"elementor-element elementor-element-2bd69e9 elementor-widget elementor-widget-text-editor\" data-id=\"2bd69e9\" data-element_type=\"widget\" data-widget_type=\"text-editor.default\">\n\t\t\t\t\t\t\t\t\t<p><em>Trong tr\u01b0\u1eddng h\u1ee3p c\u1ea7n \u0111\u1eb7t ch\u1ed7 g\u1ea5p, xin vui l\u00f2ng li\u00ean h\u1ec7 hotline <a href=\"tel:0902206969\">090 220 69 69<\/a> \u0111\u1ec3 \u0111\u01b0\u1ee3c h\u1ed7 tr\u1ee3 nhanh ch\u00f3ng.<\/em><\/p>\t\t\t\t\t\t\t\t<\/div>\n\t\t\t\t<\/div>\n\t\t\t\t<\/div>\n\t\t\t\t<div class=\"elementor-element elementor-element-7cad6fab elementor-button-align-start elementor-tablet-button-align-start elementor-widget elementor-widget-form\" data-id=\"7cad6fab\" data-element_type=\"widget\" data-settings=\"{&quot;step_next_label&quot;:&quot;Next&quot;,&quot;step_previous_label&quot;:&quot;Previous&quot;,&quot;button_width&quot;:&quot;50&quot;,&quot;step_type&quot;:&quot;number_text&quot;,&quot;step_icon_shape&quot;:&quot;circle&quot;}\" data-widget_type=\"form.default\">\n\t\t\t\t\t\t\t<form class=\"elementor-form\" method=\"post\" name=\"\u0110\u1eb7t Ch\u1ed7\" aria-label=\"\u0110\u1eb7t Ch\u1ed7\">\n\t\t\t<input type=\"hidden\" name=\"post_id\" value=\"512\"\/>\n\t\t\t<input type=\"hidden\" name=\"form_id\" value=\"7cad6fab\"\/>\n\t\t\t<input type=\"hidden\" name=\"referer_title\" value=\"Hueritage\" \/>\n\n\t\t\t\n\t\t\t<div class=\"elementor-form-fields-wrapper elementor-labels-above\">\n\t\t\t\t\t\t\t\t<div class=\"elementor-field-type-hidden elementor-field-group elementor-column elementor-field-group-submit_date elementor-col-100\">\n\t\t\t\t\t\t\t\t\t\t\t\t\t<input size=\"1\" type=\"hidden\" name=\"form_fields[submit_date]\" id=\"form-field-submit_date\" class=\"elementor-field elementor-size-sm  elementor-field-textual\" value=\"17\/04\/2026\">\n\t\t\t\t\t\t\t\t\t\t\t<\/div>\n\t\t\t\t\t\t\t\t<div class=\"elementor-field-type-text elementor-field-group elementor-column elementor-field-group-ten_khach_hang elementor-col-50 elementor-field-required\">\n\t\t\t\t\t\t\t\t\t\t\t\t<label for=\"form-field-ten_khach_hang\" class=\"elementor-field-label\">\n\t\t\t\t\t\t\t\tT\u00ean Kh\u00e1ch H\u00e0ng\t\t\t\t\t\t\t<\/label>\n\t\t\t\t\t\t\t\t\t\t\t\t\t\t<input size=\"1\" type=\"text\" name=\"form_fields[ten_khach_hang]\" id=\"form-field-ten_khach_hang\" class=\"elementor-field elementor-size-sm  elementor-field-textual\" required=\"required\">\n\t\t\t\t\t\t\t\t\t\t\t<\/div>\n\t\t\t\t\t\t\t\t<div class=\"elementor-field-type-text elementor-field-group elementor-column elementor-field-group-so_dien_thoai elementor-col-50 elementor-field-required\">\n\t\t\t\t\t\t\t\t\t\t\t\t<label for=\"form-field-so_dien_thoai\" class=\"elementor-field-label\">\n\t\t\t\t\t\t\t\tS\u1ed1 \u0111i\u1ec7n tho\u1ea1i\t\t\t\t\t\t\t<\/label>\n\t\t\t\t\t\t\t\t\t\t\t\t\t\t<input size=\"1\" type=\"text\" name=\"form_fields[so_dien_thoai]\" id=\"form-field-so_dien_thoai\" class=\"elementor-field elementor-size-sm  elementor-field-textual\" required=\"required\">\n\t\t\t\t\t\t\t\t\t\t\t<\/div>\n\t\t\t\t\t\t\t\t<div class=\"elementor-field-type-email elementor-field-group elementor-column elementor-field-group-mail elementor-col-50 elementor-field-required\">\n\t\t\t\t\t\t\t\t\t\t\t\t<label for=\"form-field-mail\" class=\"elementor-field-label\">\n\t\t\t\t\t\t\t\tMail\t\t\t\t\t\t\t<\/label>\n\t\t\t\t\t\t\t\t\t\t\t\t\t\t<input size=\"1\" type=\"email\" name=\"form_fields[mail]\" id=\"form-field-mail\" class=\"elementor-field elementor-size-sm  elementor-field-textual\" required=\"required\">\n\t\t\t\t\t\t\t\t\t\t\t<\/div>\n\t\t\t\t\t\t\t\t<div class=\"elementor-field-type-select elementor-field-group elementor-column elementor-field-group-so_luon_khach elementor-col-50 elementor-field-required\">\n\t\t\t\t\t\t\t\t\t\t\t\t<label for=\"form-field-so_luon_khach\" class=\"elementor-field-label\">\n\t\t\t\t\t\t\t\tS\u1ed1 L\u01b0\u1ee3ng Kh\u00e1ch\t\t\t\t\t\t\t<\/label>\n\t\t\t\t\t\t\t\t<div class=\"elementor-field elementor-select-wrapper remove-before \">\n\t\t\t<div class=\"select-caret-down-wrapper\">\n\t\t\t\t<svg aria-hidden=\"true\" class=\"e-font-icon-svg e-eicon-caret-down\" viewBox=\"0 0 571.4 571.4\" xmlns=\"http:\/\/www.w3.org\/2000\/svg\"><path d=\"M571 393Q571 407 561 418L311 668Q300 679 286 679T261 668L11 418Q0 407 0 393T11 368 36 357H536Q550 357 561 368T571 393Z\"><\/path><\/svg>\t\t\t<\/div>\n\t\t\t<select name=\"form_fields[so_luon_khach]\" id=\"form-field-so_luon_khach\" class=\"elementor-field-textual elementor-size-sm\" required=\"required\">\n\t\t\t\t\t\t\t\t\t<option value=\"1\">1<\/option>\n\t\t\t\t\t\t\t\t\t<option value=\"2\">2<\/option>\n\t\t\t\t\t\t\t\t\t<option value=\"3\">3<\/option>\n\t\t\t\t\t\t\t\t\t<option value=\"4\">4<\/option>\n\t\t\t\t\t\t\t\t\t<option value=\"5\">5<\/option>\n\t\t\t\t\t\t\t\t\t<option value=\"6\">6<\/option>\n\t\t\t\t\t\t\t\t\t<option value=\"7\">7<\/option>\n\t\t\t\t\t\t\t\t\t<option value=\"8\">8<\/option>\n\t\t\t\t\t\t\t\t\t<option value=\"9\">9<\/option>\n\t\t\t\t\t\t\t\t\t<option value=\"10\">10<\/option>\n\t\t\t\t\t\t\t\t\t<option value=\"Nhi\u1ec1u h\u01a1n\">Nhi\u1ec1u h\u01a1n<\/option>\n\t\t\t\t\t\t\t<\/select>\n\t\t<\/div>\n\t\t\t\t\t\t<\/div>\n\t\t\t\t\t\t\t\t<div class=\"elementor-field-type-text elementor-field-group elementor-column elementor-field-group-thoi_gian elementor-col-50 elementor-field-required\">\n\t\t\t\t\t\t\t\t\t\t\t\t<label for=\"form-field-thoi_gian\" class=\"elementor-field-label\">\n\t\t\t\t\t\t\t\tNg\u00e0y \u0111\u1ebfn\t\t\t\t\t\t\t<\/label>\n\t\t\t\t\t\t\t\t\t\t\t\t\t\t<input size=\"1\" type=\"text\" name=\"form_fields[thoi_gian]\" id=\"form-field-thoi_gian\" class=\"elementor-field elementor-size-sm  elementor-field-textual\" required=\"required\">\n\t\t\t\t\t\t\t\t\t\t\t<\/div>\n\t\t\t\t\t\t\t\t<div class=\"elementor-field-type-select elementor-field-group elementor-column elementor-field-group-hanh_trinh elementor-col-50\">\n\t\t\t\t\t\t\t\t\t\t\t\t<label for=\"form-field-hanh_trinh\" class=\"elementor-field-label\">\n\t\t\t\t\t\t\t\tH\u00e0nh Tr\u00ecnh\t\t\t\t\t\t\t<\/label>\n\t\t\t\t\t\t\t\t<div class=\"elementor-field elementor-select-wrapper remove-before \">\n\t\t\t<div class=\"select-caret-down-wrapper\">\n\t\t\t\t<svg aria-hidden=\"true\" class=\"e-font-icon-svg e-eicon-caret-down\" viewBox=\"0 0 571.4 571.4\" xmlns=\"http:\/\/www.w3.org\/2000\/svg\"><path d=\"M571 393Q571 407 561 418L311 668Q300 679 286 679T261 668L11 418Q0 407 0 393T11 368 36 357H536Q550 357 561 368T571 393Z\"><\/path><\/svg>\t\t\t<\/div>\n\t\t\t<select name=\"form_fields[hanh_trinh]\" id=\"form-field-hanh_trinh\" class=\"elementor-field-textual elementor-size-sm\">\n\t\t\t\t\t\t\t\t\t<option value=\"S\u01b0\u01a1ng Thi\u1ec7n\">S\u01b0\u01a1ng Thi\u1ec7n<\/option>\n\t\t\t\t\t\t\t\t\t<option value=\"Nh\u00e3 Y\u1ebfn\">Nh\u00e3 Y\u1ebfn<\/option>\n\t\t\t\t\t\t\t\t\t<option value=\"Nh\u1eadt Y\u1ebfn\">Nh\u1eadt Y\u1ebfn<\/option>\n\t\t\t\t\t\t\t\t\t<option value=\"Minh Y\u1ebfn\">Minh Y\u1ebfn<\/option>\n\t\t\t\t\t\t\t\t\t<option value=\"V\u00e3n Tr\u00e0\">V\u00e3n Tr\u00e0<\/option>\n\t\t\t\t\t\t\t\t\t<option value=\"D\u1ea1 Y\u1ebfn\">D\u1ea1 Y\u1ebfn<\/option>\n\t\t\t\t\t\t\t<\/select>\n\t\t<\/div>\n\t\t\t\t\t\t<\/div>\n\t\t\t\t\t\t\t\t<div class=\"elementor-field-type-text elementor-field-group elementor-column elementor-field-group-note elementor-col-50\">\n\t\t\t\t\t\t\t\t\t\t\t\t<label for=\"form-field-note\" class=\"elementor-field-label\">\n\t\t\t\t\t\t\t\tY\u00eau c\u1ea7u \u0111\u1eb7c bi\u1ec7t (N\u1ebfu c\u00f3)\t\t\t\t\t\t\t<\/label>\n\t\t\t\t\t\t\t\t\t\t\t\t\t\t<input size=\"1\" type=\"text\" name=\"form_fields[note]\" id=\"form-field-note\" class=\"elementor-field elementor-size-sm  elementor-field-textual\">\n\t\t\t\t\t\t\t\t\t\t\t<\/div>\n\t\t\t\t\t\t\t\t<div class=\"elementor-field-group elementor-column elementor-field-type-submit elementor-col-50 e-form__buttons\">\n\t\t\t\t\t<button class=\"elementor-button elementor-size-sm\" type=\"submit\">\n\t\t\t\t\t\t<span class=\"elementor-button-content-wrapper\">\n\t\t\t\t\t\t\t\t\t\t\t\t\t\t\t\t\t\t\t\t\t\t<span class=\"elementor-button-text\">\u0110\u1eb6T CH\u1ed6 NGAY<\/span>\n\t\t\t\t\t\t\t\t\t\t\t\t\t<\/span>\n\t\t\t\t\t<\/button>\n\t\t\t\t<\/div>\n\t\t\t<\/div>\n\t\t<\/form>\n\t\t\t\t\t\t<\/div>\n\t\t\t\t<div class=\"elementor-element elementor-element-d8430a3 elementor-widget elementor-widget-html\" data-id=\"d8430a3\" data-element_type=\"widget\" data-widget_type=\"html.default\">\n\t\t\t\t\t<script>\ndocument.addEventListener(\"DOMContentLoaded\", function() {\n    \/\/ T\u1ea1o v\u00f2ng l\u1eb7p ki\u1ec3m tra li\u00ean t\u1ee5c cho \u0111\u1ebfn khi Elementor t\u1ea3i xong b\u1ed9 l\u1ecbch\n    var checkExist = setInterval(function() {\n        var dateField = document.getElementById('form-field-thoi_gian');\n        \n        \/\/ Ki\u1ec3m tra xem Elementor \u0111\u00e3 g\u1eafn b\u1ed9 l\u1ecbch (Flatpickr) v\u00e0o \u00f4 n\u00e0y ch\u01b0a\n        if (dateField && dateField._flatpickr) {\n            clearInterval(checkExist); \/\/ T\u00ecm th\u1ea5y r\u1ed3i th\u00ec d\u1eebng v\u00f2ng l\u1eb7p t\u00ecm ki\u1ebfm\n\n            var targetDate = new Date();\n            targetDate.setDate(targetDate.getDate() + 2); \/\/ H\u00f4m nay + 2 ng\u00e0y\n\n            \/\/ 1. T\u1eaeT GIAO DI\u1ec6N L\u1ecaCH M\u1eb6C \u0110\u1ecaNH C\u1ee6A \u0110I\u1ec6N THO\u1ea0I (B\u00cd QUY\u1ebeT \u1ede \u0110\u00c2Y)\n            dateField._flatpickr.set('disableMobile', true); \n            \n            \/\/ 2. Kh\u00f3a c\u00e1c ng\u00e0y tr\u01b0\u1edbc m\u1ed1c th\u1eddi gian\n            dateField._flatpickr.set('minDate', targetDate);\n            \n            \/\/ 3. \u0110\u1eb7t m\u1eb7c \u0111\u1ecbnh ch\u1ecdn s\u1eb5n ng\u00e0y \u0111\u00f3\n            dateField._flatpickr.setDate(targetDate);\n\n            \/\/ 4. \u00c9p hi\u1ec3n th\u1ecb \u0111\u00fang \u0111\u1ecbnh d\u1ea1ng Ng\u00e0y-Th\u00e1ng-N\u0103m (DD-MM-YYYY)\n            dateField._flatpickr.set('dateFormat', 'd\/m\/Y'); \n            \n            \/\/ T\u1eaft t\u1ef1 \u0111\u1ed9ng \u0111i\u1ec1n g\u1ee3i \u00fd\n            dateField.setAttribute('autocomplete', 'off');\n        }\n    }, 200); \/\/ C\u1ee9 0.2s ki\u1ec3m tra m\u1ed9t l\u1ea7n\n\n    \/\/ T\u1ef1 \u0111\u1ed9ng d\u1eebng ki\u1ec3m tra sau 5 gi\u00e2y \u0111\u1ec3 kh\u00f4ng l\u00e0m n\u1eb7ng web\n    setTimeout(function() { clearInterval(checkExist); }, 5000);\n});\n<\/script>\t\t\t\t<\/div>\n\t\t\t\t<\/div>\n\t\t\t\t\t<\/div>\n\t\t\t\t<\/div>\n\t\t<div class=\"elementor-element elementor-element-97eb8f9 e-flex e-con-boxed e-con e-parent\" data-id=\"97eb8f9\" data-element_type=\"container\">\n\t\t\t\t\t<div class=\"e-con-inner\">\n\t\t<div class=\"elementor-element elementor-element-851a808 e-con-full e-flex e-con e-child\" data-id=\"851a808\" data-element_type=\"container\">\n\t\t<div class=\"elementor-element elementor-element-8120ff2 e-con-full e-flex e-con e-child\" data-id=\"8120ff2\" data-element_type=\"container\">\n\t\t<div class=\"elementor-element elementor-element-9b17393 e-con-full e-flex e-con e-child\" data-id=\"9b17393\" data-element_type=\"container\">\n\t\t\t\t<div class=\"elementor-element elementor-element-660998f elementor-widget elementor-widget-heading\" data-id=\"660998f\" data-element_type=\"widget\" data-widget_type=\"heading.default\">\n\t\t\t\t\t<h2 class=\"elementor-heading-title elementor-size-default\">Li\u00ean h\u1ec7 Hueritage<\/h2>\t\t\t\t<\/div>\n\t\t\t\t<\/div>\n\t\t<div class=\"elementor-element elementor-element-7b402f0 e-con-full e-flex e-con e-child\" data-id=\"7b402f0\" data-element_type=\"container\">\n\t\t<div class=\"elementor-element elementor-element-d46b15b e-con-full e-flex e-con e-child\" data-id=\"d46b15b\" data-element_type=\"container\">\n\t\t\t\t<div class=\"elementor-element elementor-element-584bcdd elementor-widget elementor-widget-text-editor\" data-id=\"584bcdd\" data-element_type=\"widget\" data-widget_type=\"text-editor.default\">\n\t\t\t\t\t\t\t\t\t<p><strong>Email<\/strong><br \/><a href=\"mailto:info@hueritage.vn\">info@hueritage.vn<\/a><\/p>\t\t\t\t\t\t\t\t<\/div>\n\t\t\t\t<div class=\"elementor-element elementor-element-5426e3c elementor-widget elementor-widget-text-editor\" data-id=\"5426e3c\" data-element_type=\"widget\" data-widget_type=\"text-editor.default\">\n\t\t\t\t\t\t\t\t\t<p><strong>S\u1ed1 \u0111i\u1ec7n tho\u1ea1i<\/strong><br \/><a href=\"tel:090 220 69 69\">090 220 69 69<\/a><\/p>\t\t\t\t\t\t\t\t<\/div>\n\t\t\t\t<\/div>\n\t\t\t\t<div class=\"elementor-element elementor-element-53300c9 elementor-widget elementor-widget-text-editor\" data-id=\"53300c9\" data-element_type=\"widget\" data-widget_type=\"text-editor.default\">\n\t\t\t\t\t\t\t\t\t<p><strong>\u0110\u1ecba ch\u1ec9<\/strong><\/p><p><span id=\"bdatg_9hjmp_es9uu\" class=\"\" data-text=\"true\" data-z-element-type=\"rtf-text\" data-is-whitespace=\"false\">Nghinh L\u01b0\u01a1ng \u0110\u00ecnh, L\u00ea Du\u1ea9n, P. Ph\u00fa Xu\u00e2n, TP Hu\u1ebf.<\/span><\/p><div id=\"bdatg_umi\" data-component=\"rtf-block\"><strong><span id=\"bdatg_umi_elhg5\" class=\"\" data-text=\"true\" data-z-element-type=\"rtf-text\" data-is-whitespace=\"false\">V\u0103n ph\u00f2ng Hueritage<\/span><\/strong><\/div><div id=\"bdatg_85e7m\" data-component=\"rtf-block\"><span id=\"bdatg_85e7m_8r12m\" class=\"\" data-text=\"true\" data-z-element-type=\"rtf-text\" data-is-whitespace=\"false\">36 Chu V\u0103n An, P. Thu\u1eadn H\u00f3a, TP Hu\u1ebf.<\/span><\/div>\t\t\t\t\t\t\t\t<\/div>\n\t\t\t\t<div class=\"elementor-element elementor-element-cc9a466 elementor-widget elementor-widget-text-editor\" data-id=\"cc9a466\" data-element_type=\"widget\" data-widget_type=\"text-editor.default\">\n\t\t\t\t\t\t\t\t\t<p><strong>Gi\u1edd l\u00e0m vi\u1ec7c<\/strong><\/p><div id=\"bdatg_e3o17\" data-component=\"rtf-block\"><strong><span id=\"bdatg_e3o17_ak1h8\" class=\"\" data-text=\"true\" data-z-element-type=\"rtf-text\" data-is-whitespace=\"false\">Ng\u1ef1 Thuy\u1ec1n<\/span><\/strong><\/div><div id=\"bdatg_dk6b3\" data-component=\"rtf-block\"><span id=\"bdatg_dk6b3_chvpb\" class=\"\" data-text=\"true\" data-z-element-type=\"rtf-text\" data-is-whitespace=\"false\">Th\u1ee9 Hai &#8211; Ch\u1ee7 Nh\u1eadt, 7:00 AM &#8211; 8:00 PM.<\/span><\/div><div id=\"bdatg_90u44\" data-component=\"rtf-block\"><strong><span id=\"bdatg_90u44_6t45u\" class=\"\" data-text=\"true\" data-z-element-type=\"rtf-text\" data-is-whitespace=\"false\">V\u0103n ph\u00f2ng Hueritage<\/span><\/strong><\/div><div id=\"bdatg_9kp76\" data-component=\"rtf-block\"><span id=\"bdatg_9kp76_4c0ih\" class=\"\" data-text=\"true\" data-z-element-type=\"rtf-text\" data-is-whitespace=\"false\">Th\u1ee9 Hai &#8211; Th\u1ee9 7, 8:00 AM &#8211; 5:30 PM.<\/span><\/div>\t\t\t\t\t\t\t\t<\/div>\n\t\t\t\t<\/div>\n\t\t\t\t<\/div>\n\t\t\t\t<\/div>\n\t\t\t\t\t<\/div>\n\t\t\t\t<\/div>\n\t\t<div class=\"elementor-element elementor-element-1be8d98 e-con-full e-flex e-con e-parent\" data-id=\"1be8d98\" data-element_type=\"container\" data-settings=\"{&quot;background_background&quot;:&quot;classic&quot;}\">\n\t\t\t\t<\/div>\n\t\t\t\t<\/div>\n\t\t","protected":false},"excerpt":{"rendered":"<p>\u0110\u1eb7t Ch\u1ed7 Tr\u1ef1c Tuy\u1ebfn \u0110\u1ec3 Hueritage c\u00f3 th\u1ec3 chu\u1ea9n b\u1ecb tr\u1ea3i nghi\u1ec7m tr\u1ecdn v\u1eb9n nh\u1ea5t, qu\u00fd kh\u00e1ch vui l\u00f2ng \u0111\u1eb7t ch\u1ed7 tr\u01b0\u1edbc \u00edt nh\u1ea5t 2 ng\u00e0y. Trong tr\u01b0\u1eddng h\u1ee3p c\u1ea7n \u0111\u1eb7t ch\u1ed7 g\u1ea5p, xin vui l\u00f2ng li\u00ean h\u1ec7 hotline 090 220 69 69 \u0111\u1ec3 \u0111\u01b0\u1ee3c h\u1ed7 tr\u1ee3 nhanh ch\u00f3ng. Li\u00ean h\u1ec7 Hueritage Emailinfo@hueritage.vn S\u1ed1 \u0111i\u1ec7n [&hellip;]<\/p>\n","protected":false},"author":1,"featured_media":0,"parent":0,"menu_order":0,"comment_status":"closed","ping_status":"closed","template":"elementor_header_footer","meta":{"footnotes":""},"class_list":["post-512","page","type-page","status-publish","hentry"],"yoast_head":"<!-- This site is optimized with the Yoast SEO plugin v27.0 - https:\/\/yoast.com\/product\/yoast-seo-wordpress\/ -->\n<title>\u0110\u1eb7t Ch\u1ed7 - Hueritage<\/title>\n<meta name=\"robots\" content=\"index, follow, max-snippet:-1, max-image-preview:large, max-video-preview:-1\" \/>\n<link rel=\"canonical\" href=\"https:\/\/hueritage.vn\/vi\/dat-cho\/\" \/>\n<meta property=\"og:locale\" content=\"vi_VN\" \/>\n<meta property=\"og:type\" content=\"article\" \/>\n<meta property=\"og:title\" content=\"\u0110\u1eb7t Ch\u1ed7 - Hueritage\" \/>\n<meta property=\"og:description\" content=\"\u0110\u1eb7t Ch\u1ed7 Tr\u1ef1c Tuy\u1ebfn \u0110\u1ec3 Hueritage c\u00f3 th\u1ec3 chu\u1ea9n b\u1ecb tr\u1ea3i nghi\u1ec7m tr\u1ecdn v\u1eb9n nh\u1ea5t, qu\u00fd kh\u00e1ch vui l\u00f2ng \u0111\u1eb7t ch\u1ed7 tr\u01b0\u1edbc \u00edt nh\u1ea5t 2 ng\u00e0y. Trong tr\u01b0\u1eddng h\u1ee3p c\u1ea7n \u0111\u1eb7t ch\u1ed7 g\u1ea5p, xin vui l\u00f2ng li\u00ean h\u1ec7 hotline 090 220 69 69 \u0111\u1ec3 \u0111\u01b0\u1ee3c h\u1ed7 tr\u1ee3 nhanh ch\u00f3ng. Li\u00ean h\u1ec7 Hueritage Emailinfo@hueritage.vn S\u1ed1 \u0111i\u1ec7n [&hellip;]\" \/>\n<meta property=\"og:url\" content=\"https:\/\/hueritage.vn\/vi\/dat-cho\/\" \/>\n<meta property=\"og:site_name\" content=\"Hueritage\" \/>\n<meta property=\"article:modified_time\" content=\"2026-03-19T10:43:28+00:00\" \/>\n<meta name=\"twitter:card\" content=\"summary_large_image\" \/>\n<meta name=\"twitter:label1\" content=\"\u01af\u1edbc t\u00ednh th\u1eddi gian \u0111\u1ecdc\" \/>\n\t<meta name=\"twitter:data1\" content=\"2 ph\u00fat\" \/>\n<script type=\"application\/ld+json\" class=\"yoast-schema-graph\">{\"@context\":\"https:\/\/schema.org\",\"@graph\":[{\"@type\":\"WebPage\",\"@id\":\"https:\/\/hueritage.vn\/vi\/dat-cho\/\",\"url\":\"https:\/\/hueritage.vn\/vi\/dat-cho\/\",\"name\":\"\u0110\u1eb7t Ch\u1ed7 - Hueritage\",\"isPartOf\":{\"@id\":\"https:\/\/hueritage.vn\/vi\/#website\"},\"datePublished\":\"2026-01-18T05:27:15+00:00\",\"dateModified\":\"2026-03-19T10:43:28+00:00\",\"breadcrumb\":{\"@id\":\"https:\/\/hueritage.vn\/vi\/dat-cho\/#breadcrumb\"},\"inLanguage\":\"vi\",\"potentialAction\":[{\"@type\":\"ReadAction\",\"target\":[\"https:\/\/hueritage.vn\/vi\/dat-cho\/\"]}]},{\"@type\":\"BreadcrumbList\",\"@id\":\"https:\/\/hueritage.vn\/vi\/dat-cho\/#breadcrumb\",\"itemListElement\":[{\"@type\":\"ListItem\",\"position\":1,\"name\":\"Home\",\"item\":\"https:\/\/hueritage.vn\/vi\/\"},{\"@type\":\"ListItem\",\"position\":2,\"name\":\"\u0110\u1eb7t Ch\u1ed7\"}]},{\"@type\":\"WebSite\",\"@id\":\"https:\/\/hueritage.vn\/vi\/#website\",\"url\":\"https:\/\/hueritage.vn\/vi\/\",\"name\":\"Hueritage\",\"description\":\"\",\"potentialAction\":[{\"@type\":\"SearchAction\",\"target\":{\"@type\":\"EntryPoint\",\"urlTemplate\":\"https:\/\/hueritage.vn\/vi\/?s={search_term_string}\"},\"query-input\":{\"@type\":\"PropertyValueSpecification\",\"valueRequired\":true,\"valueName\":\"search_term_string\"}}],\"inLanguage\":\"vi\"}]}<\/script>\n<!-- \/ Yoast SEO plugin. -->","yoast_head_json":{"title":"\u0110\u1eb7t Ch\u1ed7 - Hueritage","robots":{"index":"index","follow":"follow","max-snippet":"max-snippet:-1","max-image-preview":"max-image-preview:large","max-video-preview":"max-video-preview:-1"},"canonical":"https:\/\/hueritage.vn\/vi\/dat-cho\/","og_locale":"vi_VN","og_type":"article","og_title":"\u0110\u1eb7t Ch\u1ed7 - Hueritage","og_description":"\u0110\u1eb7t Ch\u1ed7 Tr\u1ef1c Tuy\u1ebfn \u0110\u1ec3 Hueritage c\u00f3 th\u1ec3 chu\u1ea9n b\u1ecb tr\u1ea3i nghi\u1ec7m tr\u1ecdn v\u1eb9n nh\u1ea5t, qu\u00fd kh\u00e1ch vui l\u00f2ng \u0111\u1eb7t ch\u1ed7 tr\u01b0\u1edbc \u00edt nh\u1ea5t 2 ng\u00e0y. Trong tr\u01b0\u1eddng h\u1ee3p c\u1ea7n \u0111\u1eb7t ch\u1ed7 g\u1ea5p, xin vui l\u00f2ng li\u00ean h\u1ec7 hotline 090 220 69 69 \u0111\u1ec3 \u0111\u01b0\u1ee3c h\u1ed7 tr\u1ee3 nhanh ch\u00f3ng. Li\u00ean h\u1ec7 Hueritage Emailinfo@hueritage.vn S\u1ed1 \u0111i\u1ec7n [&hellip;]","og_url":"https:\/\/hueritage.vn\/vi\/dat-cho\/","og_site_name":"Hueritage","article_modified_time":"2026-03-19T10:43:28+00:00","twitter_card":"summary_large_image","twitter_misc":{"\u01af\u1edbc t\u00ednh th\u1eddi gian \u0111\u1ecdc":"2 ph\u00fat"},"schema":{"@context":"https:\/\/schema.org","@graph":[{"@type":"WebPage","@id":"https:\/\/hueritage.vn\/vi\/dat-cho\/","url":"https:\/\/hueritage.vn\/vi\/dat-cho\/","name":"\u0110\u1eb7t Ch\u1ed7 - Hueritage","isPartOf":{"@id":"https:\/\/hueritage.vn\/vi\/#website"},"datePublished":"2026-01-18T05:27:15+00:00","dateModified":"2026-03-19T10:43:28+00:00","breadcrumb":{"@id":"https:\/\/hueritage.vn\/vi\/dat-cho\/#breadcrumb"},"inLanguage":"vi","potentialAction":[{"@type":"ReadAction","target":["https:\/\/hueritage.vn\/vi\/dat-cho\/"]}]},{"@type":"BreadcrumbList","@id":"https:\/\/hueritage.vn\/vi\/dat-cho\/#breadcrumb","itemListElement":[{"@type":"ListItem","position":1,"name":"Home","item":"https:\/\/hueritage.vn\/vi\/"},{"@type":"ListItem","position":2,"name":"\u0110\u1eb7t Ch\u1ed7"}]},{"@type":"WebSite","@id":"https:\/\/hueritage.vn\/vi\/#website","url":"https:\/\/hueritage.vn\/vi\/","name":"Hueritage","description":"","potentialAction":[{"@type":"SearchAction","target":{"@type":"EntryPoint","urlTemplate":"https:\/\/hueritage.vn\/vi\/?s={search_term_string}"},"query-input":{"@type":"PropertyValueSpecification","valueRequired":true,"valueName":"search_term_string"}}],"inLanguage":"vi"}]}},"_links":{"self":[{"href":"https:\/\/hueritage.vn\/vi\/wp-json\/wp\/v2\/pages\/512","targetHints":{"allow":["GET"]}}],"collection":[{"href":"https:\/\/hueritage.vn\/vi\/wp-json\/wp\/v2\/pages"}],"about":[{"href":"https:\/\/hueritage.vn\/vi\/wp-json\/wp\/v2\/types\/page"}],"author":[{"embeddable":true,"href":"https:\/\/hueritage.vn\/vi\/wp-json\/wp\/v2\/users\/1"}],"replies":[{"embeddable":true,"href":"https:\/\/hueritage.vn\/vi\/wp-json\/wp\/v2\/comments?post=512"}],"version-history":[{"count":184,"href":"https:\/\/hueritage.vn\/vi\/wp-json\/wp\/v2\/pages\/512\/revisions"}],"predecessor-version":[{"id":2978,"href":"https:\/\/hueritage.vn\/vi\/wp-json\/wp\/v2\/pages\/512\/revisions\/2978"}],"wp:attachment":[{"href":"https:\/\/hueritage.vn\/vi\/wp-json\/wp\/v2\/media?parent=512"}],"curies":[{"name":"wp","href":"https:\/\/api.w.org\/{rel}","templated":true}]}}