{"id":654,"date":"2026-01-20T02:48:06","date_gmt":"2026-01-20T02:48:06","guid":{"rendered":"https:\/\/hueritage.axia.vn\/?page_id=654"},"modified":"2026-02-09T03:24:46","modified_gmt":"2026-02-09T03:24:46","slug":"thank-you","status":"publish","type":"page","link":"https:\/\/hueritage.vn\/en\/thank-you\/","title":{"rendered":"Thank You"},"content":{"rendered":"<div data-elementor-type=\"wp-page\" data-elementor-id=\"654\" class=\"elementor elementor-654\" data-elementor-post-type=\"page\">\n\t\t\t\t<div class=\"elementor-element elementor-element-1ccce72 e-flex e-con-boxed e-con e-child\" data-id=\"1ccce72\" data-element_type=\"container\" data-e-type=\"container\">\n\t\t\t\t\t<div class=\"e-con-inner\">\n\t\t<div class=\"elementor-element elementor-element-a017474 e-con-full e-flex e-con e-child\" data-id=\"a017474\" data-element_type=\"container\" data-e-type=\"container\">\n\t\t\t\t<div class=\"elementor-element elementor-element-779cf79 elementor-widget elementor-widget-heading\" data-id=\"779cf79\" data-element_type=\"widget\" data-e-type=\"widget\" data-widget_type=\"heading.default\">\n\t\t\t\t\t<h2 class=\"elementor-heading-title elementor-size-default\">Thank you for contacting us to make a reservation at Hueritage. We will get back to you as soon as possible.<\/h2>\t\t\t\t<\/div>\n\t\t\t\t<\/div>\n\t\t\t\t\t<\/div>\n\t\t\t\t<\/div>\n\t\t\t\t<\/div>","protected":false},"excerpt":{"rendered":"<p>C\u1ea3m \u01a1n b\u1ea1n \u0111\u00e3 li\u00ean h\u1ec7 \u0111\u1eb7t ch\u1ed7 t\u1ea1i Hueritage. Ch\u00fang t\u00f4i s\u1ebd li\u00ean l\u1ea1c l\u1ea1i trong th\u1eddi gian s\u1edbm nh\u1ea5t.<\/p>","protected":false},"author":1,"featured_media":0,"parent":0,"menu_order":0,"comment_status":"closed","ping_status":"closed","template":"elementor_header_footer","meta":{"footnotes":""},"class_list":["post-654","page","type-page","status-publish","hentry"],"yoast_head":"<!-- This site is optimized with the Yoast SEO plugin v27.5 - https:\/\/yoast.com\/product\/yoast-seo-wordpress\/ -->\n<title>Thank You - Hueritage<\/title>\n<meta name=\"robots\" content=\"index, follow, max-snippet:-1, max-image-preview:large, max-video-preview:-1\" \/>\n<link rel=\"canonical\" href=\"https:\/\/hueritage.vn\/en\/thank-you\/\" \/>\n<meta property=\"og:locale\" content=\"en_US\" \/>\n<meta property=\"og:type\" content=\"article\" \/>\n<meta property=\"og:title\" content=\"Thank You - Hueritage\" \/>\n<meta property=\"og:description\" content=\"C\u1ea3m \u01a1n b\u1ea1n \u0111\u00e3 li\u00ean h\u1ec7 \u0111\u1eb7t ch\u1ed7 t\u1ea1i Hueritage. Ch\u00fang t\u00f4i s\u1ebd li\u00ean l\u1ea1c l\u1ea1i trong th\u1eddi gian s\u1edbm nh\u1ea5t.\" \/>\n<meta property=\"og:url\" content=\"https:\/\/hueritage.vn\/en\/thank-you\/\" \/>\n<meta property=\"og:site_name\" content=\"Hueritage\" \/>\n<meta property=\"article:modified_time\" content=\"2026-02-09T03:24:46+00:00\" \/>\n<meta name=\"twitter:card\" content=\"summary_large_image\" \/>\n<script type=\"application\/ld+json\" class=\"yoast-schema-graph\">{\"@context\":\"https:\\\/\\\/schema.org\",\"@graph\":[{\"@type\":\"WebPage\",\"@id\":\"https:\\\/\\\/hueritage.vn\\\/thank-you\\\/\",\"url\":\"https:\\\/\\\/hueritage.vn\\\/thank-you\\\/\",\"name\":\"Thank You - Hueritage\",\"isPartOf\":{\"@id\":\"https:\\\/\\\/hueritage.vn\\\/vi\\\/#website\"},\"datePublished\":\"2026-01-20T02:48:06+00:00\",\"dateModified\":\"2026-02-09T03:24:46+00:00\",\"breadcrumb\":{\"@id\":\"https:\\\/\\\/hueritage.vn\\\/thank-you\\\/#breadcrumb\"},\"inLanguage\":\"en-US\",\"potentialAction\":[{\"@type\":\"ReadAction\",\"target\":[\"https:\\\/\\\/hueritage.vn\\\/thank-you\\\/\"]}]},{\"@type\":\"BreadcrumbList\",\"@id\":\"https:\\\/\\\/hueritage.vn\\\/thank-you\\\/#breadcrumb\",\"itemListElement\":[{\"@type\":\"ListItem\",\"position\":1,\"name\":\"Home\",\"item\":\"https:\\\/\\\/hueritage.vn\\\/vi\\\/\"},{\"@type\":\"ListItem\",\"position\":2,\"name\":\"Thank You\"}]},{\"@type\":\"WebSite\",\"@id\":\"https:\\\/\\\/hueritage.vn\\\/vi\\\/#website\",\"url\":\"https:\\\/\\\/hueritage.vn\\\/vi\\\/\",\"name\":\"Hueritage\",\"description\":\"\",\"potentialAction\":[{\"@type\":\"SearchAction\",\"target\":{\"@type\":\"EntryPoint\",\"urlTemplate\":\"https:\\\/\\\/hueritage.vn\\\/vi\\\/?s={search_term_string}\"},\"query-input\":{\"@type\":\"PropertyValueSpecification\",\"valueRequired\":true,\"valueName\":\"search_term_string\"}}],\"inLanguage\":\"en-US\"}]}<\/script>\n<!-- \/ Yoast SEO plugin. -->","yoast_head_json":{"title":"Thank You - Hueritage","robots":{"index":"index","follow":"follow","max-snippet":"max-snippet:-1","max-image-preview":"max-image-preview:large","max-video-preview":"max-video-preview:-1"},"canonical":"https:\/\/hueritage.vn\/en\/thank-you\/","og_locale":"en_US","og_type":"article","og_title":"Thank You - Hueritage","og_description":"C\u1ea3m \u01a1n b\u1ea1n \u0111\u00e3 li\u00ean h\u1ec7 \u0111\u1eb7t ch\u1ed7 t\u1ea1i Hueritage. Ch\u00fang t\u00f4i s\u1ebd li\u00ean l\u1ea1c l\u1ea1i trong th\u1eddi gian s\u1edbm nh\u1ea5t.","og_url":"https:\/\/hueritage.vn\/en\/thank-you\/","og_site_name":"Hueritage","article_modified_time":"2026-02-09T03:24:46+00:00","twitter_card":"summary_large_image","schema":{"@context":"https:\/\/schema.org","@graph":[{"@type":"WebPage","@id":"https:\/\/hueritage.vn\/thank-you\/","url":"https:\/\/hueritage.vn\/thank-you\/","name":"Thank You - Hueritage","isPartOf":{"@id":"https:\/\/hueritage.vn\/vi\/#website"},"datePublished":"2026-01-20T02:48:06+00:00","dateModified":"2026-02-09T03:24:46+00:00","breadcrumb":{"@id":"https:\/\/hueritage.vn\/thank-you\/#breadcrumb"},"inLanguage":"en-US","potentialAction":[{"@type":"ReadAction","target":["https:\/\/hueritage.vn\/thank-you\/"]}]},{"@type":"BreadcrumbList","@id":"https:\/\/hueritage.vn\/thank-you\/#breadcrumb","itemListElement":[{"@type":"ListItem","position":1,"name":"Home","item":"https:\/\/hueritage.vn\/vi\/"},{"@type":"ListItem","position":2,"name":"Thank You"}]},{"@type":"WebSite","@id":"https:\/\/hueritage.vn\/vi\/#website","url":"https:\/\/hueritage.vn\/vi\/","name":"Heritage","description":"","potentialAction":[{"@type":"SearchAction","target":{"@type":"EntryPoint","urlTemplate":"https:\/\/hueritage.vn\/vi\/?s={search_term_string}"},"query-input":{"@type":"PropertyValueSpecification","valueRequired":true,"valueName":"search_term_string"}}],"inLanguage":"en-US"}]}},"_hostinger_reach_plugin_has_subscription_block":false,"_hostinger_reach_plugin_is_elementor":false,"_links":{"self":[{"href":"https:\/\/hueritage.vn\/en\/wp-json\/wp\/v2\/pages\/654","targetHints":{"allow":["GET"]}}],"collection":[{"href":"https:\/\/hueritage.vn\/en\/wp-json\/wp\/v2\/pages"}],"about":[{"href":"https:\/\/hueritage.vn\/en\/wp-json\/wp\/v2\/types\/page"}],"author":[{"embeddable":true,"href":"https:\/\/hueritage.vn\/en\/wp-json\/wp\/v2\/users\/1"}],"replies":[{"embeddable":true,"href":"https:\/\/hueritage.vn\/en\/wp-json\/wp\/v2\/comments?post=654"}],"version-history":[{"count":16,"href":"https:\/\/hueritage.vn\/en\/wp-json\/wp\/v2\/pages\/654\/revisions"}],"predecessor-version":[{"id":1312,"href":"https:\/\/hueritage.vn\/en\/wp-json\/wp\/v2\/pages\/654\/revisions\/1312"}],"wp:attachment":[{"href":"https:\/\/hueritage.vn\/en\/wp-json\/wp\/v2\/media?parent=654"}],"curies":[{"name":"wp","href":"https:\/\/api.w.org\/{rel}","templated":true}]}}